{"id":31075,"date":"2024-10-07T12:01:43","date_gmt":"2024-10-07T08:31:43","guid":{"rendered":"https:\/\/sdayan.com\/about-us\/"},"modified":"2025-01-11T13:36:23","modified_gmt":"2025-01-11T10:06:23","slug":"about-us","status":"publish","type":"page","link":"https:\/\/sdayan.ir\/tr\/about-us\/","title":{"rendered":"About Us"},"content":{"rendered":"\t\t<div data-elementor-type=\"wp-page\" data-elementor-id=\"31075\" class=\"elementor elementor-31075 elementor-28415\" data-elementor-post-type=\"page\">\n\t\t\t\t<div class=\"elementor-element elementor-element-d81d31c e-con-full e-flex e-con e-parent\" data-id=\"d81d31c\" data-element_type=\"container\">\n\t\t<div class=\"elementor-element elementor-element-d5c36b7 e-con-full e-flex e-con e-child\" data-id=\"d5c36b7\" data-element_type=\"container\">\n\t\t\t\t<div class=\"elementor-element elementor-element-bc88bef elementor-widget elementor-widget-heading\" data-id=\"bc88bef\" data-element_type=\"widget\" data-widget_type=\"heading.default\">\n\t\t\t\t<div class=\"elementor-widget-container\">\n\t\t\t<style>\/*! elementor - v3.23.0 - 05-08-2024 *\/\n.elementor-heading-title{padding:0;margin:0;line-height:1}.elementor-widget-heading .elementor-heading-title[class*=elementor-size-]>a{color:inherit;font-size:inherit;line-height:inherit}.elementor-widget-heading .elementor-heading-title.elementor-size-small{font-size:15px}.elementor-widget-heading .elementor-heading-title.elementor-size-medium{font-size:19px}.elementor-widget-heading .elementor-heading-title.elementor-size-large{font-size:29px}.elementor-widget-heading .elementor-heading-title.elementor-size-xl{font-size:39px}.elementor-widget-heading .elementor-heading-title.elementor-size-xxl{font-size:59px}<\/style><h2 class=\"elementor-heading-title elementor-size-default\">Hakk\u0131m\u0131zda<\/h2>\t\t<\/div>\n\t\t\t\t<\/div>\n\t\t\t\t<div class=\"elementor-element elementor-element-212088c text-right color-scheme-inherit elementor-widget elementor-widget-text-editor\" data-id=\"212088c\" data-element_type=\"widget\" data-widget_type=\"text-editor.default\">\n\t\t\t\t<div class=\"elementor-widget-container\">\n\t\t\t<style>\/*! elementor - v3.23.0 - 05-08-2024 *\/\n.elementor-widget-text-editor.elementor-drop-cap-view-stacked .elementor-drop-cap{background-color:#69727d;color:#fff}.elementor-widget-text-editor.elementor-drop-cap-view-framed .elementor-drop-cap{color:#69727d;border:3px solid;background-color:transparent}.elementor-widget-text-editor:not(.elementor-drop-cap-view-default) .elementor-drop-cap{margin-top:8px}.elementor-widget-text-editor:not(.elementor-drop-cap-view-default) .elementor-drop-cap-letter{width:1em;height:1em}.elementor-widget-text-editor .elementor-drop-cap{float:right;text-align:center;line-height:1;font-size:50px}.elementor-widget-text-editor .elementor-drop-cap-letter{display:inline-block}<\/style>\t\t\t\t<p>Hamrahan Sanat Dayan&#8217;da her vida, ba\u011fl\u0131l\u0131k, yenilik ve hassasiyetin bir hikayesini anlat\u0131r. 2018 y\u0131l\u0131ndan bu yana, vida ve tel \u00fcretim end\u00fcstrisinde ileriye d\u00f6n\u00fck bir vizyonla yeni bir yola \u00e7\u0131kt\u0131k. Teknik uzmanl\u0131k ve deneyimi birle\u015ftirerek amac\u0131m\u0131z basit: yaln\u0131zca bug\u00fcn\u00fcn ihtiya\u00e7lar\u0131n\u0131 kar\u015f\u0131lamakla kalmay\u0131p, daha s\u00fcrd\u00fcr\u00fclebilir ve daha kaliteli bir gelecek yaratacak \u00fcr\u00fcnler \u00fcretmek.<\/p>\t\t\t\t\t\t<\/div>\n\t\t\t\t<\/div>\n\t\t\t\t<\/div>\n\t\t<div class=\"elementor-element elementor-element-c6e42f5 e-con-full e-flex e-con e-child\" data-id=\"c6e42f5\" data-element_type=\"container\">\n\t\t\t\t<div class=\"elementor-element elementor-element-668c9ed elementor-widget elementor-widget-image\" data-id=\"668c9ed\" data-element_type=\"widget\" data-widget_type=\"image.default\">\n\t\t\t\t<div class=\"elementor-widget-container\">\n\t\t\t\t\t\t\t\t\t\t\t\t\t<img fetchpriority=\"high\" decoding=\"async\" width=\"1920\" height=\"1080\" src=\"https:\/\/sdayan.ir\/wp-content\/themes\/woodmart\/images\/lazy.png\" class=\"attachment-2048x2048 size-2048x2048 wp-image-30942 wd-lazy-load wd-lazy-fade\" alt=\"\" srcset=\"\" sizes=\"(max-width: 1920px) 100vw, 1920px\" data-wood-src=\"https:\/\/sdayan.ir\/wp-content\/uploads\/2024\/12\/8-1-1.webp\" data-srcset=\"https:\/\/sdayan.ir\/wp-content\/uploads\/2024\/12\/8-1-1.webp 1920w, https:\/\/sdayan.ir\/wp-content\/uploads\/2024\/12\/8-1-1-400x225.webp 400w, https:\/\/sdayan.ir\/wp-content\/uploads\/2024\/12\/8-1-1-1300x731.webp 1300w, https:\/\/sdayan.ir\/wp-content\/uploads\/2024\/12\/8-1-1-768x432.webp 768w, https:\/\/sdayan.ir\/wp-content\/uploads\/2024\/12\/8-1-1-1536x864.webp 1536w, https:\/\/sdayan.ir\/wp-content\/uploads\/2024\/12\/8-1-1-600x338.webp 600w, https:\/\/sdayan.ir\/wp-content\/uploads\/2024\/12\/8-1-1-1200x675.webp 1200w, https:\/\/sdayan.ir\/wp-content\/uploads\/2024\/12\/8-1-1-150x84.webp 150w\" \/>\t\t\t\t\t\t\t\t\t\t\t\t\t<\/div>\n\t\t\t\t<\/div>\n\t\t\t\t<\/div>\n\t\t\t\t<\/div>\n\t\t<div class=\"elementor-element elementor-element-66bfc85 e-con-full e-flex e-con e-parent\" data-id=\"66bfc85\" data-element_type=\"container\">\n\t\t<div class=\"elementor-element elementor-element-fc90a0c e-con-full e-flex e-con e-child\" data-id=\"fc90a0c\" data-element_type=\"container\">\n\t\t\t\t<div class=\"elementor-element elementor-element-0292ddc text-right color-scheme-inherit elementor-widget elementor-widget-text-editor\" data-id=\"0292ddc\" data-element_type=\"widget\" data-widget_type=\"text-editor.default\">\n\t\t\t\t<div class=\"elementor-widget-container\">\n\t\t\t\t\t\t\t<p>Detaylara \u00f6nem veriyoruz \u00e7\u00fcnk\u00fc tellerimizin ve vidalar\u0131m\u0131z\u0131n her milimetresinin, nihai \u00fcr\u00fcn\u00fcn\u00fcz\u00fcn performans\u0131 ve dayan\u0131kl\u0131l\u0131\u011f\u0131 \u00fczerinde kritik bir rol oynad\u0131\u011f\u0131n\u0131 biliyoruz. Tellerin hassas bir \u015fekilde \u00e7ekilmesi ve boyutland\u0131r\u0131lmas\u0131ndan, vakumlu f\u0131r\u0131nlarda \u0131s\u0131l i\u015fleme ve vidalar\u0131n \u0131s\u0131l i\u015flemine kadar \u00fcretim s\u00fcrecinin her a\u015famas\u0131 \u00f6zenle ve kalite odakl\u0131 bir \u015fekilde ger\u00e7ekle\u015ftirilmektedir.<\/p><p>Yenilik, her zaman faaliyetlerimizin merkezinde olmu\u015ftur. Hizmetlerimiz, telleri en y\u00fcksek standartlarda \u00fcretmek, tellerin ve vidalar\u0131n fosfatlama, kaplama ve kaplanmas\u0131 ile en son teknolojilerle g\u00fc\u00e7lendirilmi\u015f MDF ve end\u00fcstriyel vidalar\u0131n \u00fcretimini kapsamaktad\u0131r.<\/p>\t\t\t\t\t\t<\/div>\n\t\t\t\t<\/div>\n\t\t\t\t<\/div>\n\t\t<div class=\"elementor-element elementor-element-a1d7b4c e-con-full e-flex e-con e-child\" data-id=\"a1d7b4c\" data-element_type=\"container\">\n\t\t\t\t<div class=\"elementor-element elementor-element-8864181 elementor-hidden-mobile elementor-widget elementor-widget-image\" data-id=\"8864181\" data-element_type=\"widget\" data-widget_type=\"image.default\">\n\t\t\t\t<div class=\"elementor-widget-container\">\n\t\t\t\t\t\t\t\t\t\t\t\t\t<img decoding=\"async\" width=\"1920\" height=\"1080\" src=\"https:\/\/sdayan.ir\/wp-content\/themes\/woodmart\/images\/lazy.png\" class=\"attachment-2048x2048 size-2048x2048 wp-image-30960 wd-lazy-load wd-lazy-fade\" alt=\"\" srcset=\"\" sizes=\"(max-width: 1920px) 100vw, 1920px\" data-wood-src=\"https:\/\/sdayan.ir\/wp-content\/uploads\/2024\/12\/16-1-1.webp\" data-srcset=\"https:\/\/sdayan.ir\/wp-content\/uploads\/2024\/12\/16-1-1.webp 1920w, https:\/\/sdayan.ir\/wp-content\/uploads\/2024\/12\/16-1-1-400x225.webp 400w, https:\/\/sdayan.ir\/wp-content\/uploads\/2024\/12\/16-1-1-1300x731.webp 1300w, https:\/\/sdayan.ir\/wp-content\/uploads\/2024\/12\/16-1-1-768x432.webp 768w, https:\/\/sdayan.ir\/wp-content\/uploads\/2024\/12\/16-1-1-1536x864.webp 1536w, https:\/\/sdayan.ir\/wp-content\/uploads\/2024\/12\/16-1-1-600x338.webp 600w, https:\/\/sdayan.ir\/wp-content\/uploads\/2024\/12\/16-1-1-1200x675.webp 1200w, https:\/\/sdayan.ir\/wp-content\/uploads\/2024\/12\/16-1-1-150x84.webp 150w\" \/>\t\t\t\t\t\t\t\t\t\t\t\t\t<\/div>\n\t\t\t\t<\/div>\n\t\t\t\t<\/div>\n\t\t\t\t<\/div>\n\t\t<div class=\"wd-negative-gap elementor-element elementor-element-767d88a e-flex e-con-boxed e-con e-parent\" data-id=\"767d88a\" data-element_type=\"container\">\n\t\t\t\t\t<div class=\"e-con-inner\">\n\t\t\t\t<div class=\"elementor-element elementor-element-5db21a2 elementor-hidden-desktop elementor-widget elementor-widget-image\" data-id=\"5db21a2\" data-element_type=\"widget\" data-widget_type=\"image.default\">\n\t\t\t\t<div class=\"elementor-widget-container\">\n\t\t\t\t\t\t\t\t\t\t\t\t\t<img decoding=\"async\" width=\"1920\" height=\"1080\" src=\"https:\/\/sdayan.ir\/wp-content\/themes\/woodmart\/images\/lazy.png\" class=\"attachment-2048x2048 size-2048x2048 wp-image-30960 wd-lazy-load wd-lazy-fade\" alt=\"\" srcset=\"\" sizes=\"(max-width: 1920px) 100vw, 1920px\" data-wood-src=\"https:\/\/sdayan.ir\/wp-content\/uploads\/2024\/12\/16-1-1.webp\" data-srcset=\"https:\/\/sdayan.ir\/wp-content\/uploads\/2024\/12\/16-1-1.webp 1920w, https:\/\/sdayan.ir\/wp-content\/uploads\/2024\/12\/16-1-1-400x225.webp 400w, https:\/\/sdayan.ir\/wp-content\/uploads\/2024\/12\/16-1-1-1300x731.webp 1300w, https:\/\/sdayan.ir\/wp-content\/uploads\/2024\/12\/16-1-1-768x432.webp 768w, https:\/\/sdayan.ir\/wp-content\/uploads\/2024\/12\/16-1-1-1536x864.webp 1536w, https:\/\/sdayan.ir\/wp-content\/uploads\/2024\/12\/16-1-1-600x338.webp 600w, https:\/\/sdayan.ir\/wp-content\/uploads\/2024\/12\/16-1-1-1200x675.webp 1200w, https:\/\/sdayan.ir\/wp-content\/uploads\/2024\/12\/16-1-1-150x84.webp 150w\" \/>\t\t\t\t\t\t\t\t\t\t\t\t\t<\/div>\n\t\t\t\t<\/div>\n\t\t\t\t\t<\/div>\n\t\t\t\t<\/div>\n\t\t\t\t<\/div>\n\t\t","protected":false},"excerpt":{"rendered":"<p>Hakk\u0131m\u0131zda Hamrahan Sanat Dayan&#8217;da her vida, ba\u011fl\u0131l\u0131k, yenilik ve hassasiyetin bir hikayesini anlat\u0131r. 2018 y\u0131l\u0131ndan bu yana, vida ve tel<\/p>\n","protected":false},"author":1,"featured_media":0,"parent":0,"menu_order":0,"comment_status":"closed","ping_status":"closed","template":"","meta":{"footnotes":""},"class_list":["post-31075","page","type-page","status-publish","hentry"],"yoast_head":"<!-- This site is optimized with the Yoast SEO Premium plugin v22.5 (Yoast SEO v24.0) - https:\/\/yoast.com\/wordpress\/plugins\/seo\/ -->\n<title>About Us - Hamrahan Sanat Dayan<\/title>\n<meta name=\"robots\" content=\"index, follow, max-snippet:-1, max-image-preview:large, max-video-preview:-1\" \/>\n<link rel=\"canonical\" href=\"https:\/\/sdayan.ir\/tr\/about-us\/\" \/>\n<meta property=\"og:locale\" content=\"tr_TR\" \/>\n<meta property=\"og:type\" content=\"article\" \/>\n<meta property=\"og:title\" content=\"About Us\" \/>\n<meta property=\"og:description\" content=\"Hakk\u0131m\u0131zda Hamrahan Sanat Dayan&#8217;da her vida, ba\u011fl\u0131l\u0131k, yenilik ve hassasiyetin bir hikayesini anlat\u0131r. 2018 y\u0131l\u0131ndan bu yana, vida ve tel\" \/>\n<meta property=\"og:url\" content=\"https:\/\/sdayan.ir\/tr\/about-us\/\" \/>\n<meta property=\"og:site_name\" content=\"Hamrahan Sanat Dayan\" \/>\n<meta property=\"article:modified_time\" content=\"2025-01-11T10:06:23+00:00\" \/>\n<meta property=\"og:image\" content=\"https:\/\/sdayan.ir\/wp-content\/uploads\/2024\/12\/8-1-1.webp\" \/>\n\t<meta property=\"og:image:width\" content=\"1920\" \/>\n\t<meta property=\"og:image:height\" content=\"1080\" \/>\n\t<meta property=\"og:image:type\" content=\"image\/webp\" \/>\n<meta name=\"twitter:card\" content=\"summary_large_image\" \/>\n<meta name=\"twitter:label1\" content=\"Tahmini okuma s\u00fcresi\" \/>\n\t<meta name=\"twitter:data1\" content=\"2 dakika\" \/>\n<script type=\"application\/ld+json\" class=\"yoast-schema-graph\">{\"@context\":\"https:\/\/schema.org\",\"@graph\":[{\"@type\":\"WebPage\",\"@id\":\"https:\/\/sdayan.ir\/tr\/about-us\/\",\"url\":\"https:\/\/sdayan.ir\/tr\/about-us\/\",\"name\":\"About Us - Hamrahan Sanat Dayan\",\"isPartOf\":{\"@id\":\"https:\/\/sdayan.ir\/#website\"},\"primaryImageOfPage\":{\"@id\":\"https:\/\/sdayan.ir\/tr\/about-us\/#primaryimage\"},\"image\":{\"@id\":\"https:\/\/sdayan.ir\/tr\/about-us\/#primaryimage\"},\"thumbnailUrl\":\"https:\/\/sdayan.ir\/wp-content\/uploads\/2024\/12\/8-1-1.webp\",\"datePublished\":\"2024-10-07T08:31:43+00:00\",\"dateModified\":\"2025-01-11T10:06:23+00:00\",\"breadcrumb\":{\"@id\":\"https:\/\/sdayan.ir\/tr\/about-us\/#breadcrumb\"},\"inLanguage\":\"tr\",\"potentialAction\":[{\"@type\":\"ReadAction\",\"target\":[\"https:\/\/sdayan.ir\/tr\/about-us\/\"]}]},{\"@type\":\"ImageObject\",\"inLanguage\":\"tr\",\"@id\":\"https:\/\/sdayan.ir\/tr\/about-us\/#primaryimage\",\"url\":\"https:\/\/sdayan.ir\/wp-content\/uploads\/2024\/12\/8-1-1.webp\",\"contentUrl\":\"https:\/\/sdayan.ir\/wp-content\/uploads\/2024\/12\/8-1-1.webp\"},{\"@type\":\"BreadcrumbList\",\"@id\":\"https:\/\/sdayan.ir\/tr\/about-us\/#breadcrumb\",\"itemListElement\":[{\"@type\":\"ListItem\",\"position\":1,\"name\":\"Home\",\"item\":\"https:\/\/sdayan.ir\/tr\/\"},{\"@type\":\"ListItem\",\"position\":2,\"name\":\"About Us\"}]},{\"@type\":\"WebSite\",\"@id\":\"https:\/\/sdayan.ir\/#website\",\"url\":\"https:\/\/sdayan.ir\/\",\"name\":\"Hamrahan Sanat Dayan\",\"description\":\"Hamrahan Sanat Dayan\",\"publisher\":{\"@id\":\"https:\/\/sdayan.ir\/#organization\"},\"alternateName\":\"HSD\",\"potentialAction\":[{\"@type\":\"SearchAction\",\"target\":{\"@type\":\"EntryPoint\",\"urlTemplate\":\"https:\/\/sdayan.ir\/?s={search_term_string}\"},\"query-input\":{\"@type\":\"PropertyValueSpecification\",\"valueRequired\":true,\"valueName\":\"search_term_string\"}}],\"inLanguage\":\"tr\"},{\"@type\":\"Organization\",\"@id\":\"https:\/\/sdayan.ir\/#organization\",\"name\":\"Hamrahan Sanat Dayan\",\"url\":\"https:\/\/sdayan.ir\/\",\"logo\":{\"@type\":\"ImageObject\",\"inLanguage\":\"tr\",\"@id\":\"https:\/\/sdayan.ir\/#\/schema\/logo\/image\/\",\"url\":\"https:\/\/sdayan.ir\/wp-content\/uploads\/2024\/09\/4.jpg\",\"contentUrl\":\"https:\/\/sdayan.ir\/wp-content\/uploads\/2024\/09\/4.jpg\",\"width\":749,\"height\":222,\"caption\":\"Hamrahan Sanat Dayan\"},\"image\":{\"@id\":\"https:\/\/sdayan.ir\/#\/schema\/logo\/image\/\"},\"publishingPrinciples\":\"https:\/\/sdayan.ir\/en\/\",\"ownershipFundingInfo\":\"https:\/\/sdayan.ir\/en\/en-about-us\/\"}]}<\/script>\n<!-- \/ Yoast SEO Premium plugin. -->","yoast_head_json":{"title":"About Us - Hamrahan Sanat Dayan","robots":{"index":"index","follow":"follow","max-snippet":"max-snippet:-1","max-image-preview":"max-image-preview:large","max-video-preview":"max-video-preview:-1"},"canonical":"https:\/\/sdayan.ir\/tr\/about-us\/","og_locale":"tr_TR","og_type":"article","og_title":"About Us","og_description":"Hakk\u0131m\u0131zda Hamrahan Sanat Dayan&#8217;da her vida, ba\u011fl\u0131l\u0131k, yenilik ve hassasiyetin bir hikayesini anlat\u0131r. 2018 y\u0131l\u0131ndan bu yana, vida ve tel","og_url":"https:\/\/sdayan.ir\/tr\/about-us\/","og_site_name":"Hamrahan Sanat Dayan","article_modified_time":"2025-01-11T10:06:23+00:00","og_image":[{"width":1920,"height":1080,"url":"https:\/\/sdayan.ir\/wp-content\/uploads\/2024\/12\/8-1-1.webp","type":"image\/webp"}],"twitter_card":"summary_large_image","twitter_misc":{"Tahmini okuma s\u00fcresi":"2 dakika"},"schema":{"@context":"https:\/\/schema.org","@graph":[{"@type":"WebPage","@id":"https:\/\/sdayan.ir\/tr\/about-us\/","url":"https:\/\/sdayan.ir\/tr\/about-us\/","name":"About Us - Hamrahan Sanat Dayan","isPartOf":{"@id":"https:\/\/sdayan.ir\/#website"},"primaryImageOfPage":{"@id":"https:\/\/sdayan.ir\/tr\/about-us\/#primaryimage"},"image":{"@id":"https:\/\/sdayan.ir\/tr\/about-us\/#primaryimage"},"thumbnailUrl":"https:\/\/sdayan.ir\/wp-content\/uploads\/2024\/12\/8-1-1.webp","datePublished":"2024-10-07T08:31:43+00:00","dateModified":"2025-01-11T10:06:23+00:00","breadcrumb":{"@id":"https:\/\/sdayan.ir\/tr\/about-us\/#breadcrumb"},"inLanguage":"tr","potentialAction":[{"@type":"ReadAction","target":["https:\/\/sdayan.ir\/tr\/about-us\/"]}]},{"@type":"ImageObject","inLanguage":"tr","@id":"https:\/\/sdayan.ir\/tr\/about-us\/#primaryimage","url":"https:\/\/sdayan.ir\/wp-content\/uploads\/2024\/12\/8-1-1.webp","contentUrl":"https:\/\/sdayan.ir\/wp-content\/uploads\/2024\/12\/8-1-1.webp"},{"@type":"BreadcrumbList","@id":"https:\/\/sdayan.ir\/tr\/about-us\/#breadcrumb","itemListElement":[{"@type":"ListItem","position":1,"name":"Home","item":"https:\/\/sdayan.ir\/tr\/"},{"@type":"ListItem","position":2,"name":"About Us"}]},{"@type":"WebSite","@id":"https:\/\/sdayan.ir\/#website","url":"https:\/\/sdayan.ir\/","name":"Hamrahan Sanat Dayan","description":"Hamrahan Sanat Dayan","publisher":{"@id":"https:\/\/sdayan.ir\/#organization"},"alternateName":"HSD","potentialAction":[{"@type":"SearchAction","target":{"@type":"EntryPoint","urlTemplate":"https:\/\/sdayan.ir\/?s={search_term_string}"},"query-input":{"@type":"PropertyValueSpecification","valueRequired":true,"valueName":"search_term_string"}}],"inLanguage":"tr"},{"@type":"Organization","@id":"https:\/\/sdayan.ir\/#organization","name":"Hamrahan Sanat Dayan","url":"https:\/\/sdayan.ir\/","logo":{"@type":"ImageObject","inLanguage":"tr","@id":"https:\/\/sdayan.ir\/#\/schema\/logo\/image\/","url":"https:\/\/sdayan.ir\/wp-content\/uploads\/2024\/09\/4.jpg","contentUrl":"https:\/\/sdayan.ir\/wp-content\/uploads\/2024\/09\/4.jpg","width":749,"height":222,"caption":"Hamrahan Sanat Dayan"},"image":{"@id":"https:\/\/sdayan.ir\/#\/schema\/logo\/image\/"},"publishingPrinciples":"https:\/\/sdayan.ir\/en\/","ownershipFundingInfo":"https:\/\/sdayan.ir\/en\/en-about-us\/"}]}},"_links":{"self":[{"href":"https:\/\/sdayan.ir\/tr\/wp-json\/wp\/v2\/pages\/31075","targetHints":{"allow":["GET"]}}],"collection":[{"href":"https:\/\/sdayan.ir\/tr\/wp-json\/wp\/v2\/pages"}],"about":[{"href":"https:\/\/sdayan.ir\/tr\/wp-json\/wp\/v2\/types\/page"}],"author":[{"embeddable":true,"href":"https:\/\/sdayan.ir\/tr\/wp-json\/wp\/v2\/users\/1"}],"replies":[{"embeddable":true,"href":"https:\/\/sdayan.ir\/tr\/wp-json\/wp\/v2\/comments?post=31075"}],"version-history":[{"count":4,"href":"https:\/\/sdayan.ir\/tr\/wp-json\/wp\/v2\/pages\/31075\/revisions"}],"predecessor-version":[{"id":31081,"href":"https:\/\/sdayan.ir\/tr\/wp-json\/wp\/v2\/pages\/31075\/revisions\/31081"}],"wp:attachment":[{"href":"https:\/\/sdayan.ir\/tr\/wp-json\/wp\/v2\/media?parent=31075"}],"curies":[{"name":"wp","href":"https:\/\/api.w.org\/{rel}","templated":true}]}}