{"id":31281,"date":"2024-10-07T12:01:43","date_gmt":"2024-10-07T08:31:43","guid":{"rendered":"https:\/\/sdayan.com\/about-us\/"},"modified":"2025-01-19T11:14:54","modified_gmt":"2025-01-19T07:44:54","slug":"about-us","status":"publish","type":"page","link":"https:\/\/sdayan.ir\/de\/about-us\/","title":{"rendered":"About Us"},"content":{"rendered":"\t\t<div data-elementor-type=\"wp-page\" data-elementor-id=\"31281\" class=\"elementor elementor-31281 elementor-28415\" data-elementor-post-type=\"page\">\n\t\t\t\t<div class=\"elementor-element elementor-element-d81d31c e-con-full e-flex e-con e-parent\" data-id=\"d81d31c\" data-element_type=\"container\">\n\t\t<div class=\"elementor-element elementor-element-d5c36b7 e-con-full e-flex e-con e-child\" data-id=\"d5c36b7\" data-element_type=\"container\">\n\t\t\t\t<div class=\"elementor-element elementor-element-bc88bef elementor-widget elementor-widget-heading\" data-id=\"bc88bef\" data-element_type=\"widget\" data-widget_type=\"heading.default\">\n\t\t\t\t<div class=\"elementor-widget-container\">\n\t\t\t<style>\/*! elementor - v3.23.0 - 05-08-2024 *\/\n.elementor-heading-title{padding:0;margin:0;line-height:1}.elementor-widget-heading .elementor-heading-title[class*=elementor-size-]>a{color:inherit;font-size:inherit;line-height:inherit}.elementor-widget-heading .elementor-heading-title.elementor-size-small{font-size:15px}.elementor-widget-heading .elementor-heading-title.elementor-size-medium{font-size:19px}.elementor-widget-heading .elementor-heading-title.elementor-size-large{font-size:29px}.elementor-widget-heading .elementor-heading-title.elementor-size-xl{font-size:39px}.elementor-widget-heading .elementor-heading-title.elementor-size-xxl{font-size:59px}<\/style><h2 class=\"elementor-heading-title elementor-size-default\">\u00dcber uns<\/h2>\t\t<\/div>\n\t\t\t\t<\/div>\n\t\t\t\t<div class=\"elementor-element elementor-element-212088c text-right color-scheme-inherit elementor-widget elementor-widget-text-editor\" data-id=\"212088c\" data-element_type=\"widget\" data-widget_type=\"text-editor.default\">\n\t\t\t\t<div class=\"elementor-widget-container\">\n\t\t\t<style>\/*! elementor - v3.23.0 - 05-08-2024 *\/\n.elementor-widget-text-editor.elementor-drop-cap-view-stacked .elementor-drop-cap{background-color:#69727d;color:#fff}.elementor-widget-text-editor.elementor-drop-cap-view-framed .elementor-drop-cap{color:#69727d;border:3px solid;background-color:transparent}.elementor-widget-text-editor:not(.elementor-drop-cap-view-default) .elementor-drop-cap{margin-top:8px}.elementor-widget-text-editor:not(.elementor-drop-cap-view-default) .elementor-drop-cap-letter{width:1em;height:1em}.elementor-widget-text-editor .elementor-drop-cap{float:right;text-align:center;line-height:1;font-size:50px}.elementor-widget-text-editor .elementor-drop-cap-letter{display:inline-block}<\/style>\t\t\t\t<p>Bei Hamrahan Sanat Dayan erz\u00e4hlt jede Schraube eine Geschichte von Engagement, Innovation und Pr\u00e4zision. Seit 2018 beschreiten wir einen neuen Weg in der Schrauben- und Drahtproduktion, getragen von einer zukunftsorientierten Vision. Durch die Kombination von technischem Fachwissen und Erfahrung ist unser Ziel klar: Produkte herzustellen, die nicht nur den Anforderungen von heute gerecht werden, sondern auch eine nachhaltigere und qualitativ hochwertigere Zukunft schaffen.<\/p>\t\t\t\t\t\t<\/div>\n\t\t\t\t<\/div>\n\t\t\t\t<\/div>\n\t\t<div class=\"elementor-element elementor-element-c6e42f5 e-con-full e-flex e-con e-child\" data-id=\"c6e42f5\" data-element_type=\"container\">\n\t\t\t\t<div class=\"elementor-element elementor-element-668c9ed elementor-widget elementor-widget-image\" data-id=\"668c9ed\" data-element_type=\"widget\" data-widget_type=\"image.default\">\n\t\t\t\t<div class=\"elementor-widget-container\">\n\t\t\t\t\t\t\t\t\t\t\t\t\t<img fetchpriority=\"high\" decoding=\"async\" width=\"1920\" height=\"1080\" src=\"https:\/\/sdayan.ir\/wp-content\/themes\/woodmart\/images\/lazy.png\" class=\"attachment-2048x2048 size-2048x2048 wp-image-30942 wd-lazy-load wd-lazy-fade\" alt=\"\" srcset=\"\" sizes=\"(max-width: 1920px) 100vw, 1920px\" data-wood-src=\"https:\/\/sdayan.ir\/wp-content\/uploads\/2024\/12\/8-1-1.webp\" data-srcset=\"https:\/\/sdayan.ir\/wp-content\/uploads\/2024\/12\/8-1-1.webp 1920w, https:\/\/sdayan.ir\/wp-content\/uploads\/2024\/12\/8-1-1-400x225.webp 400w, https:\/\/sdayan.ir\/wp-content\/uploads\/2024\/12\/8-1-1-1300x731.webp 1300w, https:\/\/sdayan.ir\/wp-content\/uploads\/2024\/12\/8-1-1-768x432.webp 768w, https:\/\/sdayan.ir\/wp-content\/uploads\/2024\/12\/8-1-1-1536x864.webp 1536w, https:\/\/sdayan.ir\/wp-content\/uploads\/2024\/12\/8-1-1-600x338.webp 600w, https:\/\/sdayan.ir\/wp-content\/uploads\/2024\/12\/8-1-1-1200x675.webp 1200w, https:\/\/sdayan.ir\/wp-content\/uploads\/2024\/12\/8-1-1-150x84.webp 150w\" \/>\t\t\t\t\t\t\t\t\t\t\t\t\t<\/div>\n\t\t\t\t<\/div>\n\t\t\t\t<\/div>\n\t\t\t\t<\/div>\n\t\t<div class=\"elementor-element elementor-element-66bfc85 e-con-full e-flex e-con e-parent\" data-id=\"66bfc85\" data-element_type=\"container\">\n\t\t<div class=\"elementor-element elementor-element-fc90a0c e-con-full e-flex e-con e-child\" data-id=\"fc90a0c\" data-element_type=\"container\">\n\t\t\t\t<div class=\"elementor-element elementor-element-0292ddc text-right color-scheme-inherit elementor-widget elementor-widget-text-editor\" data-id=\"0292ddc\" data-element_type=\"widget\" data-widget_type=\"text-editor.default\">\n\t\t\t\t<div class=\"elementor-widget-container\">\n\t\t\t\t\t\t\t<p>Wir legen gro\u00dfen Wert auf Details, denn wir wissen, dass jeder Millimeter unserer Dr\u00e4hte und Schrauben eine entscheidende Rolle f\u00fcr die Leistung und Haltbarkeit Ihres Endprodukts spielt. Vom pr\u00e4zisen Ziehen und Gr\u00f6\u00dfenanpassen der Dr\u00e4hte \u00fcber die W\u00e4rmebehandlung in Vakuum\u00f6fen bis hin zur H\u00e4rtung der Schrauben wird jeder Schritt des Produktionsprozesses mit Sorgfalt und einem Fokus auf Qualit\u00e4t durchgef\u00fchrt.<\/p><p>Innovation steht stets im Mittelpunkt unserer Aktivit\u00e4ten. Unser Leistungsspektrum umfasst die Herstellung von Dr\u00e4hten nach h\u00f6chsten Standards, die Phosphatierung, Beschichtung und Veredelung von Schrauben und Dr\u00e4hten sowie die Produktion von MDF- und Industrieschrauben, die mit modernsten Technologien optimiert werden.<\/p>\t\t\t\t\t\t<\/div>\n\t\t\t\t<\/div>\n\t\t\t\t<\/div>\n\t\t<div class=\"elementor-element elementor-element-a1d7b4c e-con-full e-flex e-con e-child\" data-id=\"a1d7b4c\" data-element_type=\"container\">\n\t\t\t\t<div class=\"elementor-element elementor-element-8864181 elementor-hidden-mobile elementor-widget elementor-widget-image\" data-id=\"8864181\" data-element_type=\"widget\" data-widget_type=\"image.default\">\n\t\t\t\t<div class=\"elementor-widget-container\">\n\t\t\t\t\t\t\t\t\t\t\t\t\t<img decoding=\"async\" width=\"1920\" height=\"1080\" src=\"https:\/\/sdayan.ir\/wp-content\/themes\/woodmart\/images\/lazy.png\" class=\"attachment-2048x2048 size-2048x2048 wp-image-30960 wd-lazy-load wd-lazy-fade\" alt=\"\" srcset=\"\" sizes=\"(max-width: 1920px) 100vw, 1920px\" data-wood-src=\"https:\/\/sdayan.ir\/wp-content\/uploads\/2024\/12\/16-1-1.webp\" data-srcset=\"https:\/\/sdayan.ir\/wp-content\/uploads\/2024\/12\/16-1-1.webp 1920w, https:\/\/sdayan.ir\/wp-content\/uploads\/2024\/12\/16-1-1-400x225.webp 400w, https:\/\/sdayan.ir\/wp-content\/uploads\/2024\/12\/16-1-1-1300x731.webp 1300w, https:\/\/sdayan.ir\/wp-content\/uploads\/2024\/12\/16-1-1-768x432.webp 768w, https:\/\/sdayan.ir\/wp-content\/uploads\/2024\/12\/16-1-1-1536x864.webp 1536w, https:\/\/sdayan.ir\/wp-content\/uploads\/2024\/12\/16-1-1-600x338.webp 600w, https:\/\/sdayan.ir\/wp-content\/uploads\/2024\/12\/16-1-1-1200x675.webp 1200w, https:\/\/sdayan.ir\/wp-content\/uploads\/2024\/12\/16-1-1-150x84.webp 150w\" \/>\t\t\t\t\t\t\t\t\t\t\t\t\t<\/div>\n\t\t\t\t<\/div>\n\t\t\t\t<\/div>\n\t\t\t\t<\/div>\n\t\t<div class=\"wd-negative-gap elementor-element elementor-element-767d88a e-flex e-con-boxed e-con e-parent\" data-id=\"767d88a\" data-element_type=\"container\">\n\t\t\t\t\t<div class=\"e-con-inner\">\n\t\t\t\t<div class=\"elementor-element elementor-element-5db21a2 elementor-hidden-desktop elementor-widget elementor-widget-image\" data-id=\"5db21a2\" data-element_type=\"widget\" data-widget_type=\"image.default\">\n\t\t\t\t<div class=\"elementor-widget-container\">\n\t\t\t\t\t\t\t\t\t\t\t\t\t<img decoding=\"async\" width=\"1920\" height=\"1080\" src=\"https:\/\/sdayan.ir\/wp-content\/themes\/woodmart\/images\/lazy.png\" class=\"attachment-2048x2048 size-2048x2048 wp-image-30960 wd-lazy-load wd-lazy-fade\" alt=\"\" srcset=\"\" sizes=\"(max-width: 1920px) 100vw, 1920px\" data-wood-src=\"https:\/\/sdayan.ir\/wp-content\/uploads\/2024\/12\/16-1-1.webp\" data-srcset=\"https:\/\/sdayan.ir\/wp-content\/uploads\/2024\/12\/16-1-1.webp 1920w, https:\/\/sdayan.ir\/wp-content\/uploads\/2024\/12\/16-1-1-400x225.webp 400w, https:\/\/sdayan.ir\/wp-content\/uploads\/2024\/12\/16-1-1-1300x731.webp 1300w, https:\/\/sdayan.ir\/wp-content\/uploads\/2024\/12\/16-1-1-768x432.webp 768w, https:\/\/sdayan.ir\/wp-content\/uploads\/2024\/12\/16-1-1-1536x864.webp 1536w, https:\/\/sdayan.ir\/wp-content\/uploads\/2024\/12\/16-1-1-600x338.webp 600w, https:\/\/sdayan.ir\/wp-content\/uploads\/2024\/12\/16-1-1-1200x675.webp 1200w, https:\/\/sdayan.ir\/wp-content\/uploads\/2024\/12\/16-1-1-150x84.webp 150w\" \/>\t\t\t\t\t\t\t\t\t\t\t\t\t<\/div>\n\t\t\t\t<\/div>\n\t\t\t\t\t<\/div>\n\t\t\t\t<\/div>\n\t\t\t\t<\/div>\n\t\t","protected":false},"excerpt":{"rendered":"<p>\u00dcber uns Bei Hamrahan Sanat Dayan erz\u00e4hlt jede Schraube eine Geschichte von Engagement, Innovation und Pr\u00e4zision. Seit 2018 beschreiten wir<\/p>\n","protected":false},"author":1,"featured_media":0,"parent":0,"menu_order":0,"comment_status":"closed","ping_status":"closed","template":"","meta":{"footnotes":""},"class_list":["post-31281","page","type-page","status-publish","hentry"],"yoast_head":"<!-- This site is optimized with the Yoast SEO Premium plugin v22.5 (Yoast SEO v24.0) - https:\/\/yoast.com\/wordpress\/plugins\/seo\/ -->\n<title>About Us - Hamrahan Sanat Dayan<\/title>\n<meta name=\"robots\" content=\"index, follow, max-snippet:-1, max-image-preview:large, max-video-preview:-1\" \/>\n<link rel=\"canonical\" href=\"https:\/\/sdayan.ir\/de\/about-us\/\" \/>\n<meta property=\"og:locale\" content=\"de_DE\" \/>\n<meta property=\"og:type\" content=\"article\" \/>\n<meta property=\"og:title\" content=\"About Us\" \/>\n<meta property=\"og:description\" content=\"\u00dcber uns Bei Hamrahan Sanat Dayan erz\u00e4hlt jede Schraube eine Geschichte von Engagement, Innovation und Pr\u00e4zision. Seit 2018 beschreiten wir\" \/>\n<meta property=\"og:url\" content=\"https:\/\/sdayan.ir\/de\/about-us\/\" \/>\n<meta property=\"og:site_name\" content=\"Hamrahan Sanat Dayan\" \/>\n<meta property=\"article:modified_time\" content=\"2025-01-19T07:44:54+00:00\" \/>\n<meta property=\"og:image\" content=\"https:\/\/sdayan.ir\/wp-content\/uploads\/2024\/12\/8-1-1.webp\" \/>\n\t<meta property=\"og:image:width\" content=\"1920\" \/>\n\t<meta property=\"og:image:height\" content=\"1080\" \/>\n\t<meta property=\"og:image:type\" content=\"image\/webp\" \/>\n<meta name=\"twitter:card\" content=\"summary_large_image\" \/>\n<meta name=\"twitter:label1\" content=\"Gesch\u00e4tzte Lesezeit\" \/>\n\t<meta name=\"twitter:data1\" content=\"1\u00a0Minute\" \/>\n<script type=\"application\/ld+json\" class=\"yoast-schema-graph\">{\"@context\":\"https:\/\/schema.org\",\"@graph\":[{\"@type\":\"WebPage\",\"@id\":\"https:\/\/sdayan.ir\/de\/about-us\/\",\"url\":\"https:\/\/sdayan.ir\/de\/about-us\/\",\"name\":\"About Us - Hamrahan Sanat Dayan\",\"isPartOf\":{\"@id\":\"https:\/\/sdayan.ir\/#website\"},\"primaryImageOfPage\":{\"@id\":\"https:\/\/sdayan.ir\/de\/about-us\/#primaryimage\"},\"image\":{\"@id\":\"https:\/\/sdayan.ir\/de\/about-us\/#primaryimage\"},\"thumbnailUrl\":\"https:\/\/sdayan.ir\/wp-content\/uploads\/2024\/12\/8-1-1.webp\",\"datePublished\":\"2024-10-07T08:31:43+00:00\",\"dateModified\":\"2025-01-19T07:44:54+00:00\",\"breadcrumb\":{\"@id\":\"https:\/\/sdayan.ir\/de\/about-us\/#breadcrumb\"},\"inLanguage\":\"de\",\"potentialAction\":[{\"@type\":\"ReadAction\",\"target\":[\"https:\/\/sdayan.ir\/de\/about-us\/\"]}]},{\"@type\":\"ImageObject\",\"inLanguage\":\"de\",\"@id\":\"https:\/\/sdayan.ir\/de\/about-us\/#primaryimage\",\"url\":\"https:\/\/sdayan.ir\/wp-content\/uploads\/2024\/12\/8-1-1.webp\",\"contentUrl\":\"https:\/\/sdayan.ir\/wp-content\/uploads\/2024\/12\/8-1-1.webp\"},{\"@type\":\"BreadcrumbList\",\"@id\":\"https:\/\/sdayan.ir\/de\/about-us\/#breadcrumb\",\"itemListElement\":[{\"@type\":\"ListItem\",\"position\":1,\"name\":\"Home\",\"item\":\"https:\/\/sdayan.ir\/de\/\"},{\"@type\":\"ListItem\",\"position\":2,\"name\":\"About Us\"}]},{\"@type\":\"WebSite\",\"@id\":\"https:\/\/sdayan.ir\/#website\",\"url\":\"https:\/\/sdayan.ir\/\",\"name\":\"Hamrahan Sanat Dayan\",\"description\":\"Hamrahan Sanat Dayan\",\"publisher\":{\"@id\":\"https:\/\/sdayan.ir\/#organization\"},\"alternateName\":\"HSD\",\"potentialAction\":[{\"@type\":\"SearchAction\",\"target\":{\"@type\":\"EntryPoint\",\"urlTemplate\":\"https:\/\/sdayan.ir\/?s={search_term_string}\"},\"query-input\":{\"@type\":\"PropertyValueSpecification\",\"valueRequired\":true,\"valueName\":\"search_term_string\"}}],\"inLanguage\":\"de\"},{\"@type\":\"Organization\",\"@id\":\"https:\/\/sdayan.ir\/#organization\",\"name\":\"Hamrahan Sanat Dayan\",\"url\":\"https:\/\/sdayan.ir\/\",\"logo\":{\"@type\":\"ImageObject\",\"inLanguage\":\"de\",\"@id\":\"https:\/\/sdayan.ir\/#\/schema\/logo\/image\/\",\"url\":\"https:\/\/sdayan.ir\/wp-content\/uploads\/2024\/09\/4.jpg\",\"contentUrl\":\"https:\/\/sdayan.ir\/wp-content\/uploads\/2024\/09\/4.jpg\",\"width\":749,\"height\":222,\"caption\":\"Hamrahan Sanat Dayan\"},\"image\":{\"@id\":\"https:\/\/sdayan.ir\/#\/schema\/logo\/image\/\"},\"publishingPrinciples\":\"https:\/\/sdayan.ir\/en\/\",\"ownershipFundingInfo\":\"https:\/\/sdayan.ir\/en\/en-about-us\/\"}]}<\/script>\n<!-- \/ Yoast SEO Premium plugin. -->","yoast_head_json":{"title":"About Us - Hamrahan Sanat Dayan","robots":{"index":"index","follow":"follow","max-snippet":"max-snippet:-1","max-image-preview":"max-image-preview:large","max-video-preview":"max-video-preview:-1"},"canonical":"https:\/\/sdayan.ir\/de\/about-us\/","og_locale":"de_DE","og_type":"article","og_title":"About Us","og_description":"\u00dcber uns Bei Hamrahan Sanat Dayan erz\u00e4hlt jede Schraube eine Geschichte von Engagement, Innovation und Pr\u00e4zision. Seit 2018 beschreiten wir","og_url":"https:\/\/sdayan.ir\/de\/about-us\/","og_site_name":"Hamrahan Sanat Dayan","article_modified_time":"2025-01-19T07:44:54+00:00","og_image":[{"width":1920,"height":1080,"url":"https:\/\/sdayan.ir\/wp-content\/uploads\/2024\/12\/8-1-1.webp","type":"image\/webp"}],"twitter_card":"summary_large_image","twitter_misc":{"Gesch\u00e4tzte Lesezeit":"1\u00a0Minute"},"schema":{"@context":"https:\/\/schema.org","@graph":[{"@type":"WebPage","@id":"https:\/\/sdayan.ir\/de\/about-us\/","url":"https:\/\/sdayan.ir\/de\/about-us\/","name":"About Us - Hamrahan Sanat Dayan","isPartOf":{"@id":"https:\/\/sdayan.ir\/#website"},"primaryImageOfPage":{"@id":"https:\/\/sdayan.ir\/de\/about-us\/#primaryimage"},"image":{"@id":"https:\/\/sdayan.ir\/de\/about-us\/#primaryimage"},"thumbnailUrl":"https:\/\/sdayan.ir\/wp-content\/uploads\/2024\/12\/8-1-1.webp","datePublished":"2024-10-07T08:31:43+00:00","dateModified":"2025-01-19T07:44:54+00:00","breadcrumb":{"@id":"https:\/\/sdayan.ir\/de\/about-us\/#breadcrumb"},"inLanguage":"de","potentialAction":[{"@type":"ReadAction","target":["https:\/\/sdayan.ir\/de\/about-us\/"]}]},{"@type":"ImageObject","inLanguage":"de","@id":"https:\/\/sdayan.ir\/de\/about-us\/#primaryimage","url":"https:\/\/sdayan.ir\/wp-content\/uploads\/2024\/12\/8-1-1.webp","contentUrl":"https:\/\/sdayan.ir\/wp-content\/uploads\/2024\/12\/8-1-1.webp"},{"@type":"BreadcrumbList","@id":"https:\/\/sdayan.ir\/de\/about-us\/#breadcrumb","itemListElement":[{"@type":"ListItem","position":1,"name":"Home","item":"https:\/\/sdayan.ir\/de\/"},{"@type":"ListItem","position":2,"name":"About Us"}]},{"@type":"WebSite","@id":"https:\/\/sdayan.ir\/#website","url":"https:\/\/sdayan.ir\/","name":"Hamrahan Sanat Dayan","description":"Hamrahan Sanat Dayan","publisher":{"@id":"https:\/\/sdayan.ir\/#organization"},"alternateName":"HSD","potentialAction":[{"@type":"SearchAction","target":{"@type":"EntryPoint","urlTemplate":"https:\/\/sdayan.ir\/?s={search_term_string}"},"query-input":{"@type":"PropertyValueSpecification","valueRequired":true,"valueName":"search_term_string"}}],"inLanguage":"de"},{"@type":"Organization","@id":"https:\/\/sdayan.ir\/#organization","name":"Hamrahan Sanat Dayan","url":"https:\/\/sdayan.ir\/","logo":{"@type":"ImageObject","inLanguage":"de","@id":"https:\/\/sdayan.ir\/#\/schema\/logo\/image\/","url":"https:\/\/sdayan.ir\/wp-content\/uploads\/2024\/09\/4.jpg","contentUrl":"https:\/\/sdayan.ir\/wp-content\/uploads\/2024\/09\/4.jpg","width":749,"height":222,"caption":"Hamrahan Sanat Dayan"},"image":{"@id":"https:\/\/sdayan.ir\/#\/schema\/logo\/image\/"},"publishingPrinciples":"https:\/\/sdayan.ir\/en\/","ownershipFundingInfo":"https:\/\/sdayan.ir\/en\/en-about-us\/"}]}},"_links":{"self":[{"href":"https:\/\/sdayan.ir\/de\/wp-json\/wp\/v2\/pages\/31281","targetHints":{"allow":["GET"]}}],"collection":[{"href":"https:\/\/sdayan.ir\/de\/wp-json\/wp\/v2\/pages"}],"about":[{"href":"https:\/\/sdayan.ir\/de\/wp-json\/wp\/v2\/types\/page"}],"author":[{"embeddable":true,"href":"https:\/\/sdayan.ir\/de\/wp-json\/wp\/v2\/users\/1"}],"replies":[{"embeddable":true,"href":"https:\/\/sdayan.ir\/de\/wp-json\/wp\/v2\/comments?post=31281"}],"version-history":[{"count":4,"href":"https:\/\/sdayan.ir\/de\/wp-json\/wp\/v2\/pages\/31281\/revisions"}],"predecessor-version":[{"id":31288,"href":"https:\/\/sdayan.ir\/de\/wp-json\/wp\/v2\/pages\/31281\/revisions\/31288"}],"wp:attachment":[{"href":"https:\/\/sdayan.ir\/de\/wp-json\/wp\/v2\/media?parent=31281"}],"curies":[{"name":"wp","href":"https:\/\/api.w.org\/{rel}","templated":true}]}}